{"id":727,"date":"2024-12-13T23:13:48","date_gmt":"2024-12-13T22:13:48","guid":{"rendered":"https:\/\/www.alphatax.de\/?page_id=727"},"modified":"2025-03-12T13:52:00","modified_gmt":"2025-03-12T12:52:00","slug":"relatorios-fiscais","status":"publish","type":"page","link":"https:\/\/www.alphatax.de\/pt-pt\/servicos\/relatorios-fiscais\/","title":{"rendered":"Relat\u00f3rios fiscais"},"content":{"rendered":"","protected":false},"excerpt":{"rendered":"","protected":false},"author":3,"featured_media":0,"parent":641,"menu_order":1,"comment_status":"closed","ping_status":"closed","template":"","meta":{"footnotes":""},"categories":[],"tags":[],"class_list":["post-727","page","type-page","status-publish","hentry"],"yoast_head":"<!-- This site is optimized with the Yoast SEO plugin v27.5 - https:\/\/yoast.com\/product\/yoast-seo-wordpress\/ -->\n<title>Relat\u00f3rios fiscais - AlphaTax DE<\/title>\n<meta name=\"description\" content=\"AlphaTax cria relat\u00f3rios fiscais profissionais para bancos. Preciso, eficiente e adaptado individualmente \u00e0s suas necessidades.\" \/>\n<meta name=\"robots\" content=\"index, follow, max-snippet:-1, max-image-preview:large, max-video-preview:-1\" \/>\n<link rel=\"canonical\" href=\"https:\/\/www.alphatax.ch\/pt-pt\/servicos\/relatorios-fiscais\/\" \/>\n<meta property=\"og:locale\" content=\"pt_PT\" \/>\n<meta property=\"og:type\" content=\"article\" \/>\n<meta property=\"og:title\" content=\"Relat\u00f3rios fiscais - AlphaTax DE\" \/>\n<meta property=\"og:description\" content=\"AlphaTax cria relat\u00f3rios fiscais profissionais para bancos. Preciso, eficiente e adaptado individualmente \u00e0s suas necessidades.\" \/>\n<meta property=\"og:url\" content=\"https:\/\/www.alphatax.ch\/pt-pt\/servicos\/relatorios-fiscais\/\" \/>\n<meta property=\"og:site_name\" content=\"AlphaTax DE\" \/>\n<meta property=\"article:modified_time\" content=\"2025-03-12T12:52:00+00:00\" \/>\n<meta name=\"twitter:card\" content=\"summary_large_image\" \/>\n<meta name=\"twitter:label1\" content=\"Tempo estimado de leitura\" \/>\n\t<meta name=\"twitter:data1\" content=\"1 minuto\" \/>\n<script type=\"application\/ld+json\" class=\"yoast-schema-graph\">{\"@context\":\"https:\\\/\\\/schema.org\",\"@graph\":[{\"@type\":\"WebPage\",\"@id\":\"https:\\\/\\\/www.alphatax.de\\\/pt-pt\\\/servicos\\\/relatorios-fiscais\\\/\",\"url\":\"https:\\\/\\\/www.alphatax.ch\\\/pt-pt\\\/servicos\\\/relatorios-fiscais\\\/\",\"name\":\"Relat\u00f3rios fiscais - AlphaTax DE\",\"isPartOf\":{\"@id\":\"https:\\\/\\\/www.alphatax.de\\\/pt-pt\\\/#website\"},\"datePublished\":\"2024-12-13T22:13:48+00:00\",\"dateModified\":\"2025-03-12T12:52:00+00:00\",\"description\":\"AlphaTax cria relat\u00f3rios fiscais profissionais para bancos. Preciso, eficiente e adaptado individualmente \u00e0s suas necessidades.\",\"breadcrumb\":{\"@id\":\"https:\\\/\\\/www.alphatax.ch\\\/pt-pt\\\/servicos\\\/relatorios-fiscais\\\/#breadcrumb\"},\"inLanguage\":\"pt-PT\",\"potentialAction\":[{\"@type\":\"ReadAction\",\"target\":[\"https:\\\/\\\/www.alphatax.ch\\\/pt-pt\\\/servicos\\\/relatorios-fiscais\\\/\"]}]},{\"@type\":\"BreadcrumbList\",\"@id\":\"https:\\\/\\\/www.alphatax.ch\\\/pt-pt\\\/servicos\\\/relatorios-fiscais\\\/#breadcrumb\",\"itemListElement\":[{\"@type\":\"ListItem\",\"position\":1,\"name\":\"Startseite\",\"item\":\"https:\\\/\\\/www.alphatax.de\\\/pt-pt\\\/\"},{\"@type\":\"ListItem\",\"position\":2,\"name\":\"Servi\u00e7os\",\"item\":\"https:\\\/\\\/www.alphatax.de\\\/pt-pt\\\/servicos\\\/\"},{\"@type\":\"ListItem\",\"position\":3,\"name\":\"Relat\u00f3rios fiscais\"}]},{\"@type\":\"WebSite\",\"@id\":\"https:\\\/\\\/www.alphatax.de\\\/pt-pt\\\/#website\",\"url\":\"https:\\\/\\\/www.alphatax.de\\\/pt-pt\\\/\",\"name\":\"AlphaTax DE\",\"description\":\"\",\"potentialAction\":[{\"@type\":\"SearchAction\",\"target\":{\"@type\":\"EntryPoint\",\"urlTemplate\":\"https:\\\/\\\/www.alphatax.de\\\/pt-pt\\\/?s={search_term_string}\"},\"query-input\":{\"@type\":\"PropertyValueSpecification\",\"valueRequired\":true,\"valueName\":\"search_term_string\"}}],\"inLanguage\":\"pt-PT\"}]}<\/script>\n<!-- \/ Yoast SEO plugin. -->","yoast_head_json":{"title":"Relat\u00f3rios fiscais - AlphaTax DE","description":"AlphaTax cria relat\u00f3rios fiscais profissionais para bancos. Preciso, eficiente e adaptado individualmente \u00e0s suas necessidades.","robots":{"index":"index","follow":"follow","max-snippet":"max-snippet:-1","max-image-preview":"max-image-preview:large","max-video-preview":"max-video-preview:-1"},"canonical":"https:\/\/www.alphatax.ch\/pt-pt\/servicos\/relatorios-fiscais\/","og_locale":"pt_PT","og_type":"article","og_title":"Relat\u00f3rios fiscais - AlphaTax DE","og_description":"AlphaTax cria relat\u00f3rios fiscais profissionais para bancos. Preciso, eficiente e adaptado individualmente \u00e0s suas necessidades.","og_url":"https:\/\/www.alphatax.ch\/pt-pt\/servicos\/relatorios-fiscais\/","og_site_name":"AlphaTax DE","article_modified_time":"2025-03-12T12:52:00+00:00","twitter_card":"summary_large_image","twitter_misc":{"Tempo estimado de leitura":"1 minuto"},"schema":{"@context":"https:\/\/schema.org","@graph":[{"@type":"WebPage","@id":"https:\/\/www.alphatax.de\/pt-pt\/servicos\/relatorios-fiscais\/","url":"https:\/\/www.alphatax.ch\/pt-pt\/servicos\/relatorios-fiscais\/","name":"Relat\u00f3rios fiscais - AlphaTax DE","isPartOf":{"@id":"https:\/\/www.alphatax.de\/pt-pt\/#website"},"datePublished":"2024-12-13T22:13:48+00:00","dateModified":"2025-03-12T12:52:00+00:00","description":"AlphaTax cria relat\u00f3rios fiscais profissionais para bancos. Preciso, eficiente e adaptado individualmente \u00e0s suas necessidades.","breadcrumb":{"@id":"https:\/\/www.alphatax.ch\/pt-pt\/servicos\/relatorios-fiscais\/#breadcrumb"},"inLanguage":"pt-PT","potentialAction":[{"@type":"ReadAction","target":["https:\/\/www.alphatax.ch\/pt-pt\/servicos\/relatorios-fiscais\/"]}]},{"@type":"BreadcrumbList","@id":"https:\/\/www.alphatax.ch\/pt-pt\/servicos\/relatorios-fiscais\/#breadcrumb","itemListElement":[{"@type":"ListItem","position":1,"name":"Startseite","item":"https:\/\/www.alphatax.de\/pt-pt\/"},{"@type":"ListItem","position":2,"name":"Servi\u00e7os","item":"https:\/\/www.alphatax.de\/pt-pt\/servicos\/"},{"@type":"ListItem","position":3,"name":"Relat\u00f3rios fiscais"}]},{"@type":"WebSite","@id":"https:\/\/www.alphatax.de\/pt-pt\/#website","url":"https:\/\/www.alphatax.de\/pt-pt\/","name":"AlphaTax DE","description":"","potentialAction":[{"@type":"SearchAction","target":{"@type":"EntryPoint","urlTemplate":"https:\/\/www.alphatax.de\/pt-pt\/?s={search_term_string}"},"query-input":{"@type":"PropertyValueSpecification","valueRequired":true,"valueName":"search_term_string"}}],"inLanguage":"pt-PT"}]}},"_links":{"self":[{"href":"https:\/\/www.alphatax.de\/pt-pt\/wp-json\/wp\/v2\/pages\/727","targetHints":{"allow":["GET"]}}],"collection":[{"href":"https:\/\/www.alphatax.de\/pt-pt\/wp-json\/wp\/v2\/pages"}],"about":[{"href":"https:\/\/www.alphatax.de\/pt-pt\/wp-json\/wp\/v2\/types\/page"}],"author":[{"embeddable":true,"href":"https:\/\/www.alphatax.de\/pt-pt\/wp-json\/wp\/v2\/users\/3"}],"replies":[{"embeddable":true,"href":"https:\/\/www.alphatax.de\/pt-pt\/wp-json\/wp\/v2\/comments?post=727"}],"version-history":[{"count":2,"href":"https:\/\/www.alphatax.de\/pt-pt\/wp-json\/wp\/v2\/pages\/727\/revisions"}],"predecessor-version":[{"id":843,"href":"https:\/\/www.alphatax.de\/pt-pt\/wp-json\/wp\/v2\/pages\/727\/revisions\/843"}],"up":[{"embeddable":true,"href":"https:\/\/www.alphatax.de\/pt-pt\/wp-json\/wp\/v2\/pages\/641"}],"wp:attachment":[{"href":"https:\/\/www.alphatax.de\/pt-pt\/wp-json\/wp\/v2\/media?parent=727"}],"wp:term":[{"taxonomy":"category","embeddable":true,"href":"https:\/\/www.alphatax.de\/pt-pt\/wp-json\/wp\/v2\/categories?post=727"},{"taxonomy":"post_tag","embeddable":true,"href":"https:\/\/www.alphatax.de\/pt-pt\/wp-json\/wp\/v2\/tags?post=727"}],"curies":[{"name":"wp","href":"https:\/\/api.w.org\/{rel}","templated":true}]}}