{"id":714,"date":"2024-12-14T14:55:29","date_gmt":"2024-12-14T13:55:29","guid":{"rendered":"https:\/\/www.alphatax.de\/?page_id=714"},"modified":"2024-12-23T10:41:21","modified_gmt":"2024-12-23T09:41:21","slug":"success-story-dnb","status":"publish","type":"page","link":"https:\/\/www.alphatax.de\/fr\/success-story-dnb\/","title":{"rendered":"Success Story: DNB"},"content":{"rendered":"","protected":false},"excerpt":{"rendered":"","protected":false},"author":4,"featured_media":0,"parent":0,"menu_order":203,"comment_status":"closed","ping_status":"closed","template":"","meta":{"footnotes":""},"categories":[],"tags":[],"class_list":["post-714","page","type-page","status-publish","hentry"],"yoast_head":"<!-- This site is optimized with the Yoast SEO plugin v27.5 - https:\/\/yoast.com\/product\/yoast-seo-wordpress\/ -->\n<title>Success Story: DNB - AlphaTax DE<\/title>\n<meta name=\"description\" content=\"D\u00e9couvrez comment AlphaTax soutient DNB avec un rapportage fiscal pr\u00e9cis et am\u00e9liore leur efficacit\u00e9.\" \/>\n<meta name=\"robots\" content=\"index, follow, max-snippet:-1, max-image-preview:large, max-video-preview:-1\" \/>\n<link rel=\"canonical\" href=\"https:\/\/www.alphatax.ch\/fr\/success-story-dnb\/\" \/>\n<meta property=\"og:locale\" content=\"fr_FR\" \/>\n<meta property=\"og:type\" content=\"article\" \/>\n<meta property=\"og:title\" content=\"Success Story: DNB - AlphaTax DE\" \/>\n<meta property=\"og:description\" content=\"D\u00e9couvrez comment AlphaTax soutient DNB avec un rapportage fiscal pr\u00e9cis et am\u00e9liore leur efficacit\u00e9.\" \/>\n<meta property=\"og:url\" content=\"https:\/\/www.alphatax.ch\/fr\/success-story-dnb\/\" \/>\n<meta property=\"og:site_name\" content=\"AlphaTax DE\" \/>\n<meta property=\"article:modified_time\" content=\"2024-12-23T09:41:21+00:00\" \/>\n<meta name=\"twitter:card\" content=\"summary_large_image\" \/>\n<meta name=\"twitter:label1\" content=\"Dur\u00e9e de lecture estim\u00e9e\" \/>\n\t<meta name=\"twitter:data1\" content=\"4 minutes\" \/>\n<script type=\"application\/ld+json\" class=\"yoast-schema-graph\">{\"@context\":\"https:\\\/\\\/schema.org\",\"@graph\":[{\"@type\":\"WebPage\",\"@id\":\"https:\\\/\\\/www.alphatax.de\\\/fr\\\/success-story-dnb\\\/\",\"url\":\"https:\\\/\\\/www.alphatax.ch\\\/fr\\\/success-story-dnb\\\/\",\"name\":\"Success Story: DNB - AlphaTax DE\",\"isPartOf\":{\"@id\":\"https:\\\/\\\/www.alphatax.de\\\/fr\\\/#website\"},\"datePublished\":\"2024-12-14T13:55:29+00:00\",\"dateModified\":\"2024-12-23T09:41:21+00:00\",\"description\":\"D\u00e9couvrez comment AlphaTax soutient DNB avec un rapportage fiscal pr\u00e9cis et am\u00e9liore leur efficacit\u00e9.\",\"breadcrumb\":{\"@id\":\"https:\\\/\\\/www.alphatax.ch\\\/fr\\\/success-story-dnb\\\/#breadcrumb\"},\"inLanguage\":\"fr-FR\",\"potentialAction\":[{\"@type\":\"ReadAction\",\"target\":[\"https:\\\/\\\/www.alphatax.ch\\\/fr\\\/success-story-dnb\\\/\"]}]},{\"@type\":\"BreadcrumbList\",\"@id\":\"https:\\\/\\\/www.alphatax.ch\\\/fr\\\/success-story-dnb\\\/#breadcrumb\",\"itemListElement\":[{\"@type\":\"ListItem\",\"position\":1,\"name\":\"Startseite\",\"item\":\"https:\\\/\\\/www.alphatax.de\\\/fr\\\/\"},{\"@type\":\"ListItem\",\"position\":2,\"name\":\"Success Story: DNB\"}]},{\"@type\":\"WebSite\",\"@id\":\"https:\\\/\\\/www.alphatax.de\\\/fr\\\/#website\",\"url\":\"https:\\\/\\\/www.alphatax.de\\\/fr\\\/\",\"name\":\"AlphaTax DE\",\"description\":\"\",\"potentialAction\":[{\"@type\":\"SearchAction\",\"target\":{\"@type\":\"EntryPoint\",\"urlTemplate\":\"https:\\\/\\\/www.alphatax.de\\\/fr\\\/?s={search_term_string}\"},\"query-input\":{\"@type\":\"PropertyValueSpecification\",\"valueRequired\":true,\"valueName\":\"search_term_string\"}}],\"inLanguage\":\"fr-FR\"}]}<\/script>\n<!-- \/ Yoast SEO plugin. -->","yoast_head_json":{"title":"Success Story: DNB - AlphaTax DE","description":"D\u00e9couvrez comment AlphaTax soutient DNB avec un rapportage fiscal pr\u00e9cis et am\u00e9liore leur efficacit\u00e9.","robots":{"index":"index","follow":"follow","max-snippet":"max-snippet:-1","max-image-preview":"max-image-preview:large","max-video-preview":"max-video-preview:-1"},"canonical":"https:\/\/www.alphatax.ch\/fr\/success-story-dnb\/","og_locale":"fr_FR","og_type":"article","og_title":"Success Story: DNB - AlphaTax DE","og_description":"D\u00e9couvrez comment AlphaTax soutient DNB avec un rapportage fiscal pr\u00e9cis et am\u00e9liore leur efficacit\u00e9.","og_url":"https:\/\/www.alphatax.ch\/fr\/success-story-dnb\/","og_site_name":"AlphaTax DE","article_modified_time":"2024-12-23T09:41:21+00:00","twitter_card":"summary_large_image","twitter_misc":{"Dur\u00e9e de lecture estim\u00e9e":"4 minutes"},"schema":{"@context":"https:\/\/schema.org","@graph":[{"@type":"WebPage","@id":"https:\/\/www.alphatax.de\/fr\/success-story-dnb\/","url":"https:\/\/www.alphatax.ch\/fr\/success-story-dnb\/","name":"Success Story: DNB - AlphaTax DE","isPartOf":{"@id":"https:\/\/www.alphatax.de\/fr\/#website"},"datePublished":"2024-12-14T13:55:29+00:00","dateModified":"2024-12-23T09:41:21+00:00","description":"D\u00e9couvrez comment AlphaTax soutient DNB avec un rapportage fiscal pr\u00e9cis et am\u00e9liore leur efficacit\u00e9.","breadcrumb":{"@id":"https:\/\/www.alphatax.ch\/fr\/success-story-dnb\/#breadcrumb"},"inLanguage":"fr-FR","potentialAction":[{"@type":"ReadAction","target":["https:\/\/www.alphatax.ch\/fr\/success-story-dnb\/"]}]},{"@type":"BreadcrumbList","@id":"https:\/\/www.alphatax.ch\/fr\/success-story-dnb\/#breadcrumb","itemListElement":[{"@type":"ListItem","position":1,"name":"Startseite","item":"https:\/\/www.alphatax.de\/fr\/"},{"@type":"ListItem","position":2,"name":"Success Story: DNB"}]},{"@type":"WebSite","@id":"https:\/\/www.alphatax.de\/fr\/#website","url":"https:\/\/www.alphatax.de\/fr\/","name":"AlphaTax DE","description":"","potentialAction":[{"@type":"SearchAction","target":{"@type":"EntryPoint","urlTemplate":"https:\/\/www.alphatax.de\/fr\/?s={search_term_string}"},"query-input":{"@type":"PropertyValueSpecification","valueRequired":true,"valueName":"search_term_string"}}],"inLanguage":"fr-FR"}]}},"_links":{"self":[{"href":"https:\/\/www.alphatax.de\/fr\/wp-json\/wp\/v2\/pages\/714","targetHints":{"allow":["GET"]}}],"collection":[{"href":"https:\/\/www.alphatax.de\/fr\/wp-json\/wp\/v2\/pages"}],"about":[{"href":"https:\/\/www.alphatax.de\/fr\/wp-json\/wp\/v2\/types\/page"}],"author":[{"embeddable":true,"href":"https:\/\/www.alphatax.de\/fr\/wp-json\/wp\/v2\/users\/4"}],"replies":[{"embeddable":true,"href":"https:\/\/www.alphatax.de\/fr\/wp-json\/wp\/v2\/comments?post=714"}],"version-history":[{"count":1,"href":"https:\/\/www.alphatax.de\/fr\/wp-json\/wp\/v2\/pages\/714\/revisions"}],"predecessor-version":[{"id":715,"href":"https:\/\/www.alphatax.de\/fr\/wp-json\/wp\/v2\/pages\/714\/revisions\/715"}],"wp:attachment":[{"href":"https:\/\/www.alphatax.de\/fr\/wp-json\/wp\/v2\/media?parent=714"}],"wp:term":[{"taxonomy":"category","embeddable":true,"href":"https:\/\/www.alphatax.de\/fr\/wp-json\/wp\/v2\/categories?post=714"},{"taxonomy":"post_tag","embeddable":true,"href":"https:\/\/www.alphatax.de\/fr\/wp-json\/wp\/v2\/tags?post=714"}],"curies":[{"name":"wp","href":"https:\/\/api.w.org\/{rel}","templated":true}]}}