{"id":578,"date":"2024-12-14T00:22:47","date_gmt":"2024-12-13T23:22:47","guid":{"rendered":"https:\/\/www.alphatax.de\/?page_id=578"},"modified":"2024-12-23T11:06:44","modified_gmt":"2024-12-23T10:06:44","slug":"retencion-final","status":"publish","type":"page","link":"https:\/\/www.alphatax.de\/es\/servicios\/retencion-final\/","title":{"rendered":"Retenci\u00f3n final"},"content":{"rendered":"","protected":false},"excerpt":{"rendered":"","protected":false},"author":3,"featured_media":0,"parent":575,"menu_order":3,"comment_status":"closed","ping_status":"closed","template":"","meta":{"footnotes":""},"categories":[],"tags":[],"class_list":["post-578","page","type-page","status-publish","hentry"],"yoast_head":"<!-- This site is optimized with the Yoast SEO plugin v27.5 - https:\/\/yoast.com\/product\/yoast-seo-wordpress\/ -->\n<title>Retenci\u00f3n final - AlphaTax DE<\/title>\n<meta name=\"description\" content=\"AlphaTax ofrece soluciones para la retenci\u00f3n de impuestos: informes eficientes y c\u00e1lculos de impuestos precisos para los bancos.\" \/>\n<meta name=\"robots\" content=\"index, follow, max-snippet:-1, max-image-preview:large, max-video-preview:-1\" \/>\n<link rel=\"canonical\" href=\"https:\/\/www.alphatax.ch\/es\/servicios\/retencion-final\/\" \/>\n<meta property=\"og:locale\" content=\"es_ES\" \/>\n<meta property=\"og:type\" content=\"article\" \/>\n<meta property=\"og:title\" content=\"Retenci\u00f3n final - AlphaTax DE\" \/>\n<meta property=\"og:description\" content=\"AlphaTax ofrece soluciones para la retenci\u00f3n de impuestos: informes eficientes y c\u00e1lculos de impuestos precisos para los bancos.\" \/>\n<meta property=\"og:url\" content=\"https:\/\/www.alphatax.ch\/es\/servicios\/retencion-final\/\" \/>\n<meta property=\"og:site_name\" content=\"AlphaTax DE\" \/>\n<meta property=\"article:modified_time\" content=\"2024-12-23T10:06:44+00:00\" \/>\n<meta name=\"twitter:card\" content=\"summary_large_image\" \/>\n<meta name=\"twitter:label1\" content=\"Tiempo de lectura\" \/>\n\t<meta name=\"twitter:data1\" content=\"1 minuto\" \/>\n<script type=\"application\/ld+json\" class=\"yoast-schema-graph\">{\"@context\":\"https:\\\/\\\/schema.org\",\"@graph\":[{\"@type\":\"WebPage\",\"@id\":\"https:\\\/\\\/www.alphatax.de\\\/es\\\/servicios\\\/retencion-final\\\/\",\"url\":\"https:\\\/\\\/www.alphatax.ch\\\/es\\\/servicios\\\/retencion-final\\\/\",\"name\":\"Retenci\u00f3n final - AlphaTax DE\",\"isPartOf\":{\"@id\":\"https:\\\/\\\/www.alphatax.de\\\/es\\\/#website\"},\"datePublished\":\"2024-12-13T23:22:47+00:00\",\"dateModified\":\"2024-12-23T10:06:44+00:00\",\"description\":\"AlphaTax ofrece soluciones para la retenci\u00f3n de impuestos: informes eficientes y c\u00e1lculos de impuestos precisos para los bancos.\",\"breadcrumb\":{\"@id\":\"https:\\\/\\\/www.alphatax.ch\\\/es\\\/servicios\\\/retencion-final\\\/#breadcrumb\"},\"inLanguage\":\"es\",\"potentialAction\":[{\"@type\":\"ReadAction\",\"target\":[\"https:\\\/\\\/www.alphatax.ch\\\/es\\\/servicios\\\/retencion-final\\\/\"]}]},{\"@type\":\"BreadcrumbList\",\"@id\":\"https:\\\/\\\/www.alphatax.ch\\\/es\\\/servicios\\\/retencion-final\\\/#breadcrumb\",\"itemListElement\":[{\"@type\":\"ListItem\",\"position\":1,\"name\":\"Startseite\",\"item\":\"https:\\\/\\\/www.alphatax.de\\\/es\\\/\"},{\"@type\":\"ListItem\",\"position\":2,\"name\":\"Servicios\",\"item\":\"https:\\\/\\\/www.alphatax.de\\\/es\\\/servicios\\\/\"},{\"@type\":\"ListItem\",\"position\":3,\"name\":\"Retenci\u00f3n final\"}]},{\"@type\":\"WebSite\",\"@id\":\"https:\\\/\\\/www.alphatax.de\\\/es\\\/#website\",\"url\":\"https:\\\/\\\/www.alphatax.de\\\/es\\\/\",\"name\":\"AlphaTax DE\",\"description\":\"\",\"potentialAction\":[{\"@type\":\"SearchAction\",\"target\":{\"@type\":\"EntryPoint\",\"urlTemplate\":\"https:\\\/\\\/www.alphatax.de\\\/es\\\/?s={search_term_string}\"},\"query-input\":{\"@type\":\"PropertyValueSpecification\",\"valueRequired\":true,\"valueName\":\"search_term_string\"}}],\"inLanguage\":\"es\"}]}<\/script>\n<!-- \/ Yoast SEO plugin. -->","yoast_head_json":{"title":"Retenci\u00f3n final - AlphaTax DE","description":"AlphaTax ofrece soluciones para la retenci\u00f3n de impuestos: informes eficientes y c\u00e1lculos de impuestos precisos para los bancos.","robots":{"index":"index","follow":"follow","max-snippet":"max-snippet:-1","max-image-preview":"max-image-preview:large","max-video-preview":"max-video-preview:-1"},"canonical":"https:\/\/www.alphatax.ch\/es\/servicios\/retencion-final\/","og_locale":"es_ES","og_type":"article","og_title":"Retenci\u00f3n final - AlphaTax DE","og_description":"AlphaTax ofrece soluciones para la retenci\u00f3n de impuestos: informes eficientes y c\u00e1lculos de impuestos precisos para los bancos.","og_url":"https:\/\/www.alphatax.ch\/es\/servicios\/retencion-final\/","og_site_name":"AlphaTax DE","article_modified_time":"2024-12-23T10:06:44+00:00","twitter_card":"summary_large_image","twitter_misc":{"Tiempo de lectura":"1 minuto"},"schema":{"@context":"https:\/\/schema.org","@graph":[{"@type":"WebPage","@id":"https:\/\/www.alphatax.de\/es\/servicios\/retencion-final\/","url":"https:\/\/www.alphatax.ch\/es\/servicios\/retencion-final\/","name":"Retenci\u00f3n final - AlphaTax DE","isPartOf":{"@id":"https:\/\/www.alphatax.de\/es\/#website"},"datePublished":"2024-12-13T23:22:47+00:00","dateModified":"2024-12-23T10:06:44+00:00","description":"AlphaTax ofrece soluciones para la retenci\u00f3n de impuestos: informes eficientes y c\u00e1lculos de impuestos precisos para los bancos.","breadcrumb":{"@id":"https:\/\/www.alphatax.ch\/es\/servicios\/retencion-final\/#breadcrumb"},"inLanguage":"es","potentialAction":[{"@type":"ReadAction","target":["https:\/\/www.alphatax.ch\/es\/servicios\/retencion-final\/"]}]},{"@type":"BreadcrumbList","@id":"https:\/\/www.alphatax.ch\/es\/servicios\/retencion-final\/#breadcrumb","itemListElement":[{"@type":"ListItem","position":1,"name":"Startseite","item":"https:\/\/www.alphatax.de\/es\/"},{"@type":"ListItem","position":2,"name":"Servicios","item":"https:\/\/www.alphatax.de\/es\/servicios\/"},{"@type":"ListItem","position":3,"name":"Retenci\u00f3n final"}]},{"@type":"WebSite","@id":"https:\/\/www.alphatax.de\/es\/#website","url":"https:\/\/www.alphatax.de\/es\/","name":"AlphaTax DE","description":"","potentialAction":[{"@type":"SearchAction","target":{"@type":"EntryPoint","urlTemplate":"https:\/\/www.alphatax.de\/es\/?s={search_term_string}"},"query-input":{"@type":"PropertyValueSpecification","valueRequired":true,"valueName":"search_term_string"}}],"inLanguage":"es"}]}},"_links":{"self":[{"href":"https:\/\/www.alphatax.de\/es\/wp-json\/wp\/v2\/pages\/578","targetHints":{"allow":["GET"]}}],"collection":[{"href":"https:\/\/www.alphatax.de\/es\/wp-json\/wp\/v2\/pages"}],"about":[{"href":"https:\/\/www.alphatax.de\/es\/wp-json\/wp\/v2\/types\/page"}],"author":[{"embeddable":true,"href":"https:\/\/www.alphatax.de\/es\/wp-json\/wp\/v2\/users\/3"}],"replies":[{"embeddable":true,"href":"https:\/\/www.alphatax.de\/es\/wp-json\/wp\/v2\/comments?post=578"}],"version-history":[{"count":2,"href":"https:\/\/www.alphatax.de\/es\/wp-json\/wp\/v2\/pages\/578\/revisions"}],"predecessor-version":[{"id":854,"href":"https:\/\/www.alphatax.de\/es\/wp-json\/wp\/v2\/pages\/578\/revisions\/854"}],"up":[{"embeddable":true,"href":"https:\/\/www.alphatax.de\/es\/wp-json\/wp\/v2\/pages\/575"}],"wp:attachment":[{"href":"https:\/\/www.alphatax.de\/es\/wp-json\/wp\/v2\/media?parent=578"}],"wp:term":[{"taxonomy":"category","embeddable":true,"href":"https:\/\/www.alphatax.de\/es\/wp-json\/wp\/v2\/categories?post=578"},{"taxonomy":"post_tag","embeddable":true,"href":"https:\/\/www.alphatax.de\/es\/wp-json\/wp\/v2\/tags?post=578"}],"curies":[{"name":"wp","href":"https:\/\/api.w.org\/{rel}","templated":true}]}}