{"id":627,"date":"2024-12-15T00:09:03","date_gmt":"2024-12-14T23:09:03","guid":{"rendered":"https:\/\/www.alphatax.de\/?page_id=627"},"modified":"2024-12-23T10:26:09","modified_gmt":"2024-12-23T09:26:09","slug":"success-story-openbank","status":"publish","type":"page","link":"https:\/\/www.alphatax.de\/da\/success-story-openbank\/","title":{"rendered":"Success Story: Openbank"},"content":{"rendered":"","protected":false},"excerpt":{"rendered":"","protected":false},"author":4,"featured_media":0,"parent":0,"menu_order":206,"comment_status":"closed","ping_status":"closed","template":"","meta":{"footnotes":""},"categories":[],"tags":[],"class_list":["post-627","page","type-page","status-publish","hentry"],"yoast_head":"<!-- This site is optimized with the Yoast SEO plugin v27.5 - https:\/\/yoast.com\/product\/yoast-seo-wordpress\/ -->\n<title>AlphaTax - Success Story Openbank - Pr\u00e6cision i Rapportering<\/title>\n<meta name=\"description\" content=\"Opdag hvordan AlphaTax underst\u00f8tter Openbank med pr\u00e6cis og p\u00e5lidelig skatterapportering.\" \/>\n<meta name=\"robots\" content=\"index, follow, max-snippet:-1, max-image-preview:large, max-video-preview:-1\" \/>\n<link rel=\"canonical\" href=\"https:\/\/www.alphatax.ch\/da\/success-story-openbank\/\" \/>\n<meta property=\"og:locale\" content=\"da_DK\" \/>\n<meta property=\"og:type\" content=\"article\" \/>\n<meta property=\"og:title\" content=\"AlphaTax - Success Story Openbank - Pr\u00e6cision i Rapportering\" \/>\n<meta property=\"og:description\" content=\"Opdag hvordan AlphaTax underst\u00f8tter Openbank med pr\u00e6cis og p\u00e5lidelig skatterapportering.\" \/>\n<meta property=\"og:url\" content=\"https:\/\/www.alphatax.ch\/da\/success-story-openbank\/\" \/>\n<meta property=\"og:site_name\" content=\"AlphaTax DE\" \/>\n<meta property=\"article:modified_time\" content=\"2024-12-23T09:26:09+00:00\" \/>\n<meta name=\"twitter:card\" content=\"summary_large_image\" \/>\n<meta name=\"twitter:label1\" content=\"Estimeret l\u00e6setid\" \/>\n\t<meta name=\"twitter:data1\" content=\"3 minutter\" \/>\n<script type=\"application\/ld+json\" class=\"yoast-schema-graph\">{\"@context\":\"https:\\\/\\\/schema.org\",\"@graph\":[{\"@type\":\"WebPage\",\"@id\":\"https:\\\/\\\/www.alphatax.de\\\/da\\\/success-story-openbank\\\/\",\"url\":\"https:\\\/\\\/www.alphatax.ch\\\/da\\\/success-story-openbank\\\/\",\"name\":\"AlphaTax - Success Story Openbank - Pr\u00e6cision i Rapportering\",\"isPartOf\":{\"@id\":\"https:\\\/\\\/www.alphatax.de\\\/da\\\/#website\"},\"datePublished\":\"2024-12-14T23:09:03+00:00\",\"dateModified\":\"2024-12-23T09:26:09+00:00\",\"description\":\"Opdag hvordan AlphaTax underst\u00f8tter Openbank med pr\u00e6cis og p\u00e5lidelig skatterapportering.\",\"breadcrumb\":{\"@id\":\"https:\\\/\\\/www.alphatax.ch\\\/da\\\/success-story-openbank\\\/#breadcrumb\"},\"inLanguage\":\"da-DK\",\"potentialAction\":[{\"@type\":\"ReadAction\",\"target\":[\"https:\\\/\\\/www.alphatax.ch\\\/da\\\/success-story-openbank\\\/\"]}]},{\"@type\":\"BreadcrumbList\",\"@id\":\"https:\\\/\\\/www.alphatax.ch\\\/da\\\/success-story-openbank\\\/#breadcrumb\",\"itemListElement\":[{\"@type\":\"ListItem\",\"position\":1,\"name\":\"Startseite\",\"item\":\"https:\\\/\\\/www.alphatax.de\\\/da\\\/\"},{\"@type\":\"ListItem\",\"position\":2,\"name\":\"Success Story: Openbank\"}]},{\"@type\":\"WebSite\",\"@id\":\"https:\\\/\\\/www.alphatax.de\\\/da\\\/#website\",\"url\":\"https:\\\/\\\/www.alphatax.de\\\/da\\\/\",\"name\":\"AlphaTax DE\",\"description\":\"\",\"potentialAction\":[{\"@type\":\"SearchAction\",\"target\":{\"@type\":\"EntryPoint\",\"urlTemplate\":\"https:\\\/\\\/www.alphatax.de\\\/da\\\/?s={search_term_string}\"},\"query-input\":{\"@type\":\"PropertyValueSpecification\",\"valueRequired\":true,\"valueName\":\"search_term_string\"}}],\"inLanguage\":\"da-DK\"}]}<\/script>\n<!-- \/ Yoast SEO plugin. -->","yoast_head_json":{"title":"AlphaTax - Success Story Openbank - Pr\u00e6cision i Rapportering","description":"Opdag hvordan AlphaTax underst\u00f8tter Openbank med pr\u00e6cis og p\u00e5lidelig skatterapportering.","robots":{"index":"index","follow":"follow","max-snippet":"max-snippet:-1","max-image-preview":"max-image-preview:large","max-video-preview":"max-video-preview:-1"},"canonical":"https:\/\/www.alphatax.ch\/da\/success-story-openbank\/","og_locale":"da_DK","og_type":"article","og_title":"AlphaTax - Success Story Openbank - Pr\u00e6cision i Rapportering","og_description":"Opdag hvordan AlphaTax underst\u00f8tter Openbank med pr\u00e6cis og p\u00e5lidelig skatterapportering.","og_url":"https:\/\/www.alphatax.ch\/da\/success-story-openbank\/","og_site_name":"AlphaTax DE","article_modified_time":"2024-12-23T09:26:09+00:00","twitter_card":"summary_large_image","twitter_misc":{"Estimeret l\u00e6setid":"3 minutter"},"schema":{"@context":"https:\/\/schema.org","@graph":[{"@type":"WebPage","@id":"https:\/\/www.alphatax.de\/da\/success-story-openbank\/","url":"https:\/\/www.alphatax.ch\/da\/success-story-openbank\/","name":"AlphaTax - Success Story Openbank - Pr\u00e6cision i Rapportering","isPartOf":{"@id":"https:\/\/www.alphatax.de\/da\/#website"},"datePublished":"2024-12-14T23:09:03+00:00","dateModified":"2024-12-23T09:26:09+00:00","description":"Opdag hvordan AlphaTax underst\u00f8tter Openbank med pr\u00e6cis og p\u00e5lidelig skatterapportering.","breadcrumb":{"@id":"https:\/\/www.alphatax.ch\/da\/success-story-openbank\/#breadcrumb"},"inLanguage":"da-DK","potentialAction":[{"@type":"ReadAction","target":["https:\/\/www.alphatax.ch\/da\/success-story-openbank\/"]}]},{"@type":"BreadcrumbList","@id":"https:\/\/www.alphatax.ch\/da\/success-story-openbank\/#breadcrumb","itemListElement":[{"@type":"ListItem","position":1,"name":"Startseite","item":"https:\/\/www.alphatax.de\/da\/"},{"@type":"ListItem","position":2,"name":"Success Story: Openbank"}]},{"@type":"WebSite","@id":"https:\/\/www.alphatax.de\/da\/#website","url":"https:\/\/www.alphatax.de\/da\/","name":"AlphaTax DE","description":"","potentialAction":[{"@type":"SearchAction","target":{"@type":"EntryPoint","urlTemplate":"https:\/\/www.alphatax.de\/da\/?s={search_term_string}"},"query-input":{"@type":"PropertyValueSpecification","valueRequired":true,"valueName":"search_term_string"}}],"inLanguage":"da-DK"}]}},"_links":{"self":[{"href":"https:\/\/www.alphatax.de\/da\/wp-json\/wp\/v2\/pages\/627","targetHints":{"allow":["GET"]}}],"collection":[{"href":"https:\/\/www.alphatax.de\/da\/wp-json\/wp\/v2\/pages"}],"about":[{"href":"https:\/\/www.alphatax.de\/da\/wp-json\/wp\/v2\/types\/page"}],"author":[{"embeddable":true,"href":"https:\/\/www.alphatax.de\/da\/wp-json\/wp\/v2\/users\/4"}],"replies":[{"embeddable":true,"href":"https:\/\/www.alphatax.de\/da\/wp-json\/wp\/v2\/comments?post=627"}],"version-history":[{"count":1,"href":"https:\/\/www.alphatax.de\/da\/wp-json\/wp\/v2\/pages\/627\/revisions"}],"predecessor-version":[{"id":628,"href":"https:\/\/www.alphatax.de\/da\/wp-json\/wp\/v2\/pages\/627\/revisions\/628"}],"wp:attachment":[{"href":"https:\/\/www.alphatax.de\/da\/wp-json\/wp\/v2\/media?parent=627"}],"wp:term":[{"taxonomy":"category","embeddable":true,"href":"https:\/\/www.alphatax.de\/da\/wp-json\/wp\/v2\/categories?post=627"},{"taxonomy":"post_tag","embeddable":true,"href":"https:\/\/www.alphatax.de\/da\/wp-json\/wp\/v2\/tags?post=627"}],"curies":[{"name":"wp","href":"https:\/\/api.w.org\/{rel}","templated":true}]}}